{"id":3436,"date":"2025-10-16T16:22:44","date_gmt":"2025-10-16T13:22:44","guid":{"rendered":"https:\/\/dietrich.ee\/?page_id=3436"},"modified":"2026-02-13T17:58:15","modified_gmt":"2026-02-13T15:58:15","slug":"explore","status":"publish","type":"page","link":"https:\/\/dietrich.ee\/en\/menu\/explore\/","title":{"rendered":"Explore new flavours"},"content":{"rendered":"\t\t<div data-elementor-type=\"wp-page\" data-elementor-id=\"3436\" class=\"elementor elementor-3436\" data-elementor-post-type=\"page\">\n\t\t\t\t\t\t<section class=\"elementor-section elementor-top-section elementor-element elementor-element-bba3f78 elementor-section-boxed elementor-section-height-default elementor-section-height-default\" data-id=\"bba3f78\" data-element_type=\"section\" data-e-type=\"section\" data-settings=\"{&quot;background_background&quot;:&quot;classic&quot;}\">\n\t\t\t\t\t\t<div class=\"elementor-container elementor-column-gap-default\">\n\t\t\t\t\t<div class=\"elementor-column elementor-col-100 elementor-top-column elementor-element elementor-element-057a896\" data-id=\"057a896\" data-element_type=\"column\" data-e-type=\"column\">\n\t\t\t<div class=\"elementor-widget-wrap elementor-element-populated\">\n\t\t\t\t\t\t<section class=\"elementor-section elementor-inner-section elementor-element elementor-element-ca9f5ef elementor-section-boxed elementor-section-height-default elementor-section-height-default\" data-id=\"ca9f5ef\" data-element_type=\"section\" data-e-type=\"section\">\n\t\t\t\t\t\t<div class=\"elementor-container elementor-column-gap-no\">\n\t\t\t\t\t<div class=\"elementor-column elementor-col-100 elementor-inner-column elementor-element elementor-element-3586acb\" data-id=\"3586acb\" data-element_type=\"column\" data-e-type=\"column\">\n\t\t\t<div class=\"elementor-widget-wrap elementor-element-populated\">\n\t\t\t\t\t\t<div class=\"elementor-element elementor-element-db08664 elementor-widget elementor-widget-spacer\" data-id=\"db08664\" data-element_type=\"widget\" data-e-type=\"widget\" data-widget_type=\"spacer.default\">\n\t\t\t\t<div class=\"elementor-widget-container\">\n\t\t\t\t\t\t\t<div class=\"elementor-spacer\">\n\t\t\t<div class=\"elementor-spacer-inner\"><\/div>\n\t\t<\/div>\n\t\t\t\t\t\t<\/div>\n\t\t\t\t<\/div>\n\t\t\t\t<div class=\"elementor-element elementor-element-553d397 elementor-invisible elementor-widget elementor-widget-image\" data-id=\"553d397\" data-element_type=\"widget\" data-e-type=\"widget\" data-settings=\"{&quot;_animation&quot;:&quot;slideInUp&quot;,&quot;_animation_tablet&quot;:&quot;slideInUp&quot;,&quot;_animation_mobile&quot;:&quot;slideInUp&quot;}\" data-widget_type=\"image.default\">\n\t\t\t\t<div class=\"elementor-widget-container\">\n\t\t\t\t\t\t\t\t\t\t\t\t\t\t\t<img fetchpriority=\"high\" decoding=\"async\" width=\"1024\" height=\"258\" src=\"https:\/\/dietrich.ee\/wp-content\/uploads\/2022\/05\/Dietrich.svg\" class=\"attachment-large size-large wp-image-484\" alt=\"\" \/>\t\t\t\t\t\t\t\t\t\t\t\t\t\t\t<\/div>\n\t\t\t\t<\/div>\n\t\t\t\t<div class=\"elementor-element elementor-element-ae379c4 elementor-align-center elementor-widget elementor-widget-button\" data-id=\"ae379c4\" data-element_type=\"widget\" data-e-type=\"widget\" data-widget_type=\"button.default\">\n\t\t\t\t<div class=\"elementor-widget-container\">\n\t\t\t\t\t\t\t\t\t<div class=\"elementor-button-wrapper\">\n\t\t\t\t\t<a class=\"elementor-button elementor-button-link elementor-size-sm\" href=\"https:\/\/dietrich.ee\/menuu\/proovi-uusi-maitseid\/\">\n\t\t\t\t\t\t<span class=\"elementor-button-content-wrapper\">\n\t\t\t\t\t\t\t\t\t<span class=\"elementor-button-text\">UUED MAITSED EESTI KEELES<\/span>\n\t\t\t\t\t<\/span>\n\t\t\t\t\t<\/a>\n\t\t\t\t<\/div>\n\t\t\t\t\t\t\t\t<\/div>\n\t\t\t\t<\/div>\n\t\t\t\t<div class=\"elementor-element elementor-element-072b0df elementor-widget-divider--view-line elementor-widget elementor-widget-divider\" data-id=\"072b0df\" data-element_type=\"widget\" data-e-type=\"widget\" data-widget_type=\"divider.default\">\n\t\t\t\t<div class=\"elementor-widget-container\">\n\t\t\t\t\t\t\t<div class=\"elementor-divider\">\n\t\t\t<span class=\"elementor-divider-separator\">\n\t\t\t\t\t\t<\/span>\n\t\t<\/div>\n\t\t\t\t\t\t<\/div>\n\t\t\t\t<\/div>\n\t\t\t\t<div class=\"elementor-element elementor-element-d2ef212 elementor-widget elementor-widget-heading\" data-id=\"d2ef212\" data-element_type=\"widget\" data-e-type=\"widget\" data-widget_type=\"heading.default\">\n\t\t\t\t<div class=\"elementor-widget-container\">\n\t\t\t\t\t<h6 class=\"elementor-heading-title elementor-size-default\">Explore new flavours<\/h6>\t\t\t\t<\/div>\n\t\t\t\t<\/div>\n\t\t\t\t\t<\/div>\n\t\t<\/div>\n\t\t\t\t\t<\/div>\n\t\t<\/section>\n\t\t\t\t<section class=\"elementor-section elementor-inner-section elementor-element elementor-element-1de818b elementor-section-boxed elementor-section-height-default elementor-section-height-default\" data-id=\"1de818b\" data-element_type=\"section\" data-e-type=\"section\">\n\t\t\t\t\t\t<div class=\"elementor-container elementor-column-gap-default\">\n\t\t\t\t\t<div class=\"elementor-column elementor-col-100 elementor-inner-column elementor-element elementor-element-6465fb3\" data-id=\"6465fb3\" data-element_type=\"column\" data-e-type=\"column\">\n\t\t\t<div class=\"elementor-widget-wrap elementor-element-populated\">\n\t\t\t\t\t\t<div class=\"elementor-element elementor-element-958fc3d elementor-align-center elementor-widget elementor-widget-button\" data-id=\"958fc3d\" data-element_type=\"widget\" data-e-type=\"widget\" data-widget_type=\"button.default\">\n\t\t\t\t<div class=\"elementor-widget-container\">\n\t\t\t\t\t\t\t\t\t<div class=\"elementor-button-wrapper\">\n\t\t\t\t\t<a class=\"elementor-button elementor-button-link elementor-size-sm\" href=\"https:\/\/dietrich.ee\/en\/drinks-menu\/\">\n\t\t\t\t\t\t<span class=\"elementor-button-content-wrapper\">\n\t\t\t\t\t\t\t\t\t<span class=\"elementor-button-text\">DRINKS MENU<\/span>\n\t\t\t\t\t<\/span>\n\t\t\t\t\t<\/a>\n\t\t\t\t<\/div>\n\t\t\t\t\t\t\t\t<\/div>\n\t\t\t\t<\/div>\n\t\t\t\t\t<\/div>\n\t\t<\/div>\n\t\t\t\t\t<\/div>\n\t\t<\/section>\n\t\t\t\t\t<\/div>\n\t\t<\/div>\n\t\t\t\t\t<\/div>\n\t\t<\/section>\n\t\t\t\t<\/div>\n\t\t","protected":false},"excerpt":{"rendered":"<p>UUED MAITSED EESTI KEELES Explore new flavours DRINKS MENU<\/p>\n","protected":false},"author":2,"featured_media":1173,"parent":546,"menu_order":0,"comment_status":"closed","ping_status":"closed","template":"","meta":{"site-sidebar-layout":"no-sidebar","site-content-layout":"page-builder","ast-site-content-layout":"full-width-container","site-content-style":"unboxed","site-sidebar-style":"unboxed","ast-global-header-display":"","ast-banner-title-visibility":"","ast-main-header-display":"","ast-hfb-above-header-display":"","ast-hfb-below-header-display":"","ast-hfb-mobile-header-display":"","site-post-title":"disabled","ast-breadcrumbs-content":"","ast-featured-img":"disabled","footer-sml-layout":"","ast-disable-related-posts":"","theme-transparent-header-meta":"default","adv-header-id-meta":"","stick-header-meta":"","header-above-stick-meta":"","header-main-stick-meta":"","header-below-stick-meta":"","astra-migrate-meta-layouts":"set","ast-page-background-enabled":"default","ast-page-background-meta":{"desktop":{"background-color":"var(--ast-global-color-4)","background-image":"","background-repeat":"repeat","background-position":"center center","background-size":"auto","background-attachment":"scroll","background-type":"","background-media":"","overlay-type":"","overlay-color":"","overlay-opacity":"","overlay-gradient":""},"tablet":{"background-color":"","background-image":"","background-repeat":"repeat","background-position":"center center","background-size":"auto","background-attachment":"scroll","background-type":"","background-media":"","overlay-type":"","overlay-color":"","overlay-opacity":"","overlay-gradient":""},"mobile":{"background-color":"","background-image":"","background-repeat":"repeat","background-position":"center center","background-size":"auto","background-attachment":"scroll","background-type":"","background-media":"","overlay-type":"","overlay-color":"","overlay-opacity":"","overlay-gradient":""}},"ast-content-background-meta":{"desktop":{"background-color":"var(--ast-global-color-5)","background-image":"","background-repeat":"repeat","background-position":"center center","background-size":"auto","background-attachment":"scroll","background-type":"","background-media":"","overlay-type":"","overlay-color":"","overlay-opacity":"","overlay-gradient":""},"tablet":{"background-color":"var(--ast-global-color-5)","background-image":"","background-repeat":"repeat","background-position":"center center","background-size":"auto","background-attachment":"scroll","background-type":"","background-media":"","overlay-type":"","overlay-color":"","overlay-opacity":"","overlay-gradient":""},"mobile":{"background-color":"var(--ast-global-color-5)","background-image":"","background-repeat":"repeat","background-position":"center center","background-size":"auto","background-attachment":"scroll","background-type":"","background-media":"","overlay-type":"","overlay-color":"","overlay-opacity":"","overlay-gradient":""}},"footnotes":""},"class_list":["post-3436","page","type-page","status-publish","has-post-thumbnail","hentry"],"yoast_head":"<!-- This site is optimized with the Yoast SEO plugin v27.2 - https:\/\/yoast.com\/product\/yoast-seo-wordpress\/ -->\n<title>Explore new flavours - Hapsal Dietrich<\/title>\n<meta name=\"description\" content=\"Explore our new flavours at Hapsal Dietrich.\" \/>\n<meta name=\"robots\" content=\"index, follow, max-snippet:-1, max-image-preview:large, max-video-preview:-1\" \/>\n<link rel=\"canonical\" href=\"https:\/\/dietrich.ee\/en\/menu\/explore\/\" \/>\n<meta property=\"og:locale\" content=\"en_US\" \/>\n<meta property=\"og:type\" content=\"article\" \/>\n<meta property=\"og:title\" content=\"Explore new flavours - Hapsal Dietrich\" \/>\n<meta property=\"og:description\" content=\"Explore our new flavours at Hapsal Dietrich.\" \/>\n<meta property=\"og:url\" content=\"https:\/\/dietrich.ee\/en\/menu\/explore\/\" \/>\n<meta property=\"og:site_name\" content=\"Hapsal Dietrich\" \/>\n<meta property=\"article:publisher\" content=\"https:\/\/www.facebook.com\/HapsalDiertich\" \/>\n<meta property=\"article:modified_time\" content=\"2026-02-13T15:58:15+00:00\" \/>\n<meta property=\"og:image\" content=\"https:\/\/dietrich.ee\/wp-content\/uploads\/2022\/11\/ANF_4854.jpg\" \/>\n\t<meta property=\"og:image:width\" content=\"2000\" \/>\n\t<meta property=\"og:image:height\" content=\"1335\" \/>\n\t<meta property=\"og:image:type\" content=\"image\/jpeg\" \/>\n<meta name=\"twitter:card\" content=\"summary_large_image\" \/>\n<meta name=\"twitter:label1\" content=\"Est. reading time\" \/>\n\t<meta name=\"twitter:data1\" content=\"1 minute\" \/>\n<script type=\"application\/ld+json\" class=\"yoast-schema-graph\">{\"@context\":\"https:\/\/schema.org\",\"@graph\":[{\"@type\":\"WebPage\",\"@id\":\"https:\/\/dietrich.ee\/en\/menu\/explore\/\",\"url\":\"https:\/\/dietrich.ee\/en\/menu\/explore\/\",\"name\":\"Explore new flavours - Hapsal Dietrich\",\"isPartOf\":{\"@id\":\"https:\/\/dietrich.ee\/en\/#website\"},\"primaryImageOfPage\":{\"@id\":\"https:\/\/dietrich.ee\/en\/menu\/explore\/#primaryimage\"},\"image\":{\"@id\":\"https:\/\/dietrich.ee\/en\/menu\/explore\/#primaryimage\"},\"thumbnailUrl\":\"https:\/\/dietrich.ee\/wp-content\/uploads\/2022\/11\/ANF_4854.jpg\",\"datePublished\":\"2025-10-16T13:22:44+00:00\",\"dateModified\":\"2026-02-13T15:58:15+00:00\",\"description\":\"Explore our new flavours at Hapsal Dietrich.\",\"breadcrumb\":{\"@id\":\"https:\/\/dietrich.ee\/en\/menu\/explore\/#breadcrumb\"},\"inLanguage\":\"en-US\",\"potentialAction\":[{\"@type\":\"ReadAction\",\"target\":[\"https:\/\/dietrich.ee\/en\/menu\/explore\/\"]}]},{\"@type\":\"ImageObject\",\"inLanguage\":\"en-US\",\"@id\":\"https:\/\/dietrich.ee\/en\/menu\/explore\/#primaryimage\",\"url\":\"https:\/\/dietrich.ee\/wp-content\/uploads\/2022\/11\/ANF_4854.jpg\",\"contentUrl\":\"https:\/\/dietrich.ee\/wp-content\/uploads\/2022\/11\/ANF_4854.jpg\",\"width\":2000,\"height\":1335,\"caption\":\"toidunadal\"},{\"@type\":\"BreadcrumbList\",\"@id\":\"https:\/\/dietrich.ee\/en\/menu\/explore\/#breadcrumb\",\"itemListElement\":[{\"@type\":\"ListItem\",\"position\":1,\"name\":\"Home\",\"item\":\"https:\/\/dietrich.ee\/en\/\"},{\"@type\":\"ListItem\",\"position\":2,\"name\":\"Menu\",\"item\":\"https:\/\/dietrich.ee\/en\/menuu\/\"},{\"@type\":\"ListItem\",\"position\":3,\"name\":\"Explore new flavours\"}]},{\"@type\":\"WebSite\",\"@id\":\"https:\/\/dietrich.ee\/en\/#website\",\"url\":\"https:\/\/dietrich.ee\/en\/\",\"name\":\"Hapsal Dietrich\",\"description\":\"Milj\u00f6\u00f6v\u00e4\u00e4rtuslik kohvik Haapsalu vanalinnas.\",\"publisher\":{\"@id\":\"https:\/\/dietrich.ee\/en\/#organization\"},\"potentialAction\":[{\"@type\":\"SearchAction\",\"target\":{\"@type\":\"EntryPoint\",\"urlTemplate\":\"https:\/\/dietrich.ee\/en\/?s={search_term_string}\"},\"query-input\":{\"@type\":\"PropertyValueSpecification\",\"valueRequired\":true,\"valueName\":\"search_term_string\"}}],\"inLanguage\":\"en-US\"},{\"@type\":\"Organization\",\"@id\":\"https:\/\/dietrich.ee\/en\/#organization\",\"name\":\"Hapsal Dietrich\",\"url\":\"https:\/\/dietrich.ee\/en\/\",\"logo\":{\"@type\":\"ImageObject\",\"inLanguage\":\"en-US\",\"@id\":\"https:\/\/dietrich.ee\/en\/#\/schema\/logo\/image\/\",\"url\":\"https:\/\/dietrich.ee\/wp-content\/uploads\/2022\/05\/Dietrich.svg\",\"contentUrl\":\"https:\/\/dietrich.ee\/wp-content\/uploads\/2022\/05\/Dietrich.svg\",\"width\":1852,\"height\":466,\"caption\":\"Hapsal Dietrich\"},\"image\":{\"@id\":\"https:\/\/dietrich.ee\/en\/#\/schema\/logo\/image\/\"},\"sameAs\":[\"https:\/\/www.facebook.com\/HapsalDiertich\",\"https:\/\/www.instagram.com\/hapsaldietrich\/\"]}]}<\/script>\n<!-- \/ Yoast SEO plugin. -->","yoast_head_json":{"title":"Explore new flavours - Hapsal Dietrich","description":"Explore our new flavours at Hapsal Dietrich.","robots":{"index":"index","follow":"follow","max-snippet":"max-snippet:-1","max-image-preview":"max-image-preview:large","max-video-preview":"max-video-preview:-1"},"canonical":"https:\/\/dietrich.ee\/en\/menu\/explore\/","og_locale":"en_US","og_type":"article","og_title":"Explore new flavours - Hapsal Dietrich","og_description":"Explore our new flavours at Hapsal Dietrich.","og_url":"https:\/\/dietrich.ee\/en\/menu\/explore\/","og_site_name":"Hapsal Dietrich","article_publisher":"https:\/\/www.facebook.com\/HapsalDiertich","article_modified_time":"2026-02-13T15:58:15+00:00","og_image":[{"width":2000,"height":1335,"url":"https:\/\/dietrich.ee\/wp-content\/uploads\/2022\/11\/ANF_4854.jpg","type":"image\/jpeg"}],"twitter_card":"summary_large_image","twitter_misc":{"Est. reading time":"1 minute"},"schema":{"@context":"https:\/\/schema.org","@graph":[{"@type":"WebPage","@id":"https:\/\/dietrich.ee\/en\/menu\/explore\/","url":"https:\/\/dietrich.ee\/en\/menu\/explore\/","name":"Explore new flavours - Hapsal Dietrich","isPartOf":{"@id":"https:\/\/dietrich.ee\/en\/#website"},"primaryImageOfPage":{"@id":"https:\/\/dietrich.ee\/en\/menu\/explore\/#primaryimage"},"image":{"@id":"https:\/\/dietrich.ee\/en\/menu\/explore\/#primaryimage"},"thumbnailUrl":"https:\/\/dietrich.ee\/wp-content\/uploads\/2022\/11\/ANF_4854.jpg","datePublished":"2025-10-16T13:22:44+00:00","dateModified":"2026-02-13T15:58:15+00:00","description":"Explore our new flavours at Hapsal Dietrich.","breadcrumb":{"@id":"https:\/\/dietrich.ee\/en\/menu\/explore\/#breadcrumb"},"inLanguage":"en-US","potentialAction":[{"@type":"ReadAction","target":["https:\/\/dietrich.ee\/en\/menu\/explore\/"]}]},{"@type":"ImageObject","inLanguage":"en-US","@id":"https:\/\/dietrich.ee\/en\/menu\/explore\/#primaryimage","url":"https:\/\/dietrich.ee\/wp-content\/uploads\/2022\/11\/ANF_4854.jpg","contentUrl":"https:\/\/dietrich.ee\/wp-content\/uploads\/2022\/11\/ANF_4854.jpg","width":2000,"height":1335,"caption":"toidunadal"},{"@type":"BreadcrumbList","@id":"https:\/\/dietrich.ee\/en\/menu\/explore\/#breadcrumb","itemListElement":[{"@type":"ListItem","position":1,"name":"Home","item":"https:\/\/dietrich.ee\/en\/"},{"@type":"ListItem","position":2,"name":"Menu","item":"https:\/\/dietrich.ee\/en\/menuu\/"},{"@type":"ListItem","position":3,"name":"Explore new flavours"}]},{"@type":"WebSite","@id":"https:\/\/dietrich.ee\/en\/#website","url":"https:\/\/dietrich.ee\/en\/","name":"Hapsal Dietrich","description":"Milj\u00f6\u00f6v\u00e4\u00e4rtuslik kohvik Haapsalu vanalinnas.","publisher":{"@id":"https:\/\/dietrich.ee\/en\/#organization"},"potentialAction":[{"@type":"SearchAction","target":{"@type":"EntryPoint","urlTemplate":"https:\/\/dietrich.ee\/en\/?s={search_term_string}"},"query-input":{"@type":"PropertyValueSpecification","valueRequired":true,"valueName":"search_term_string"}}],"inLanguage":"en-US"},{"@type":"Organization","@id":"https:\/\/dietrich.ee\/en\/#organization","name":"Hapsal Dietrich","url":"https:\/\/dietrich.ee\/en\/","logo":{"@type":"ImageObject","inLanguage":"en-US","@id":"https:\/\/dietrich.ee\/en\/#\/schema\/logo\/image\/","url":"https:\/\/dietrich.ee\/wp-content\/uploads\/2022\/05\/Dietrich.svg","contentUrl":"https:\/\/dietrich.ee\/wp-content\/uploads\/2022\/05\/Dietrich.svg","width":1852,"height":466,"caption":"Hapsal Dietrich"},"image":{"@id":"https:\/\/dietrich.ee\/en\/#\/schema\/logo\/image\/"},"sameAs":["https:\/\/www.facebook.com\/HapsalDiertich","https:\/\/www.instagram.com\/hapsaldietrich\/"]}]}},"_links":{"self":[{"href":"https:\/\/dietrich.ee\/en\/wp-json\/wp\/v2\/pages\/3436","targetHints":{"allow":["GET"]}}],"collection":[{"href":"https:\/\/dietrich.ee\/en\/wp-json\/wp\/v2\/pages"}],"about":[{"href":"https:\/\/dietrich.ee\/en\/wp-json\/wp\/v2\/types\/page"}],"author":[{"embeddable":true,"href":"https:\/\/dietrich.ee\/en\/wp-json\/wp\/v2\/users\/2"}],"replies":[{"embeddable":true,"href":"https:\/\/dietrich.ee\/en\/wp-json\/wp\/v2\/comments?post=3436"}],"version-history":[{"count":34,"href":"https:\/\/dietrich.ee\/en\/wp-json\/wp\/v2\/pages\/3436\/revisions"}],"predecessor-version":[{"id":3684,"href":"https:\/\/dietrich.ee\/en\/wp-json\/wp\/v2\/pages\/3436\/revisions\/3684"}],"up":[{"embeddable":true,"href":"https:\/\/dietrich.ee\/en\/wp-json\/wp\/v2\/pages\/546"}],"wp:featuredmedia":[{"embeddable":true,"href":"https:\/\/dietrich.ee\/en\/wp-json\/wp\/v2\/media\/1173"}],"wp:attachment":[{"href":"https:\/\/dietrich.ee\/en\/wp-json\/wp\/v2\/media?parent=3436"}],"curies":[{"name":"wp","href":"https:\/\/api.w.org\/{rel}","templated":true}]}}